{"id":123,"date":"2025-04-20T11:57:14","date_gmt":"2025-04-20T09:57:14","guid":{"rendered":"https:\/\/app.diyhomebox.com\/?page_id=123"},"modified":"2025-04-22T21:30:46","modified_gmt":"2025-04-22T19:30:46","slug":"montaz-gniazdka-elektrycznego","status":"publish","type":"page","link":"https:\/\/app.diyhomebox.com\/?page_id=123","title":{"rendered":"Monta\u017c gniazdka elektrycznego"},"content":{"rendered":"\t\t<div data-elementor-type=\"wp-page\" data-elementor-id=\"123\" class=\"elementor elementor-123\">\n\t\t\t\t<div class=\"elementor-element elementor-element-b4664b4 e-flex e-con-boxed e-con e-parent\" data-id=\"b4664b4\" data-element_type=\"container\">\n\t\t\t\t\t<div class=\"e-con-inner\">\n\t\t\t\t<div class=\"elementor-element elementor-element-55d39a4 elementor-widget elementor-widget-heading\" data-id=\"55d39a4\" data-element_type=\"widget\" data-widget_type=\"heading.default\">\n\t\t\t\t<div class=\"elementor-widget-container\">\n\t\t\t\t\t<h2 class=\"elementor-heading-title elementor-size-default\">Monta\u017c gniazdka pr\u0105dowego jeden przew\u00f3d:<\/h2>\t\t\t\t<\/div>\n\t\t\t\t<\/div>\n\t\t\t\t\t<\/div>\n\t\t\t\t<\/div>\n\t\t<div class=\"elementor-element elementor-element-7e68d96 e-flex e-con-boxed e-con e-parent\" data-id=\"7e68d96\" data-element_type=\"container\">\n\t\t\t\t\t<div class=\"e-con-inner\">\n\t\t\t\t<div class=\"elementor-element elementor-element-02ddd20 elementor-widget elementor-widget-image\" data-id=\"02ddd20\" data-element_type=\"widget\" data-widget_type=\"image.default\">\n\t\t\t\t<div class=\"elementor-widget-container\">\n\t\t\t\t\t\t\t\t\t\t\t\t\t\t\t<img fetchpriority=\"high\" decoding=\"async\" width=\"700\" height=\"700\" src=\"https:\/\/app.diyhomebox.com\/wp-content\/uploads\/2025\/04\/2.jpg\" class=\"attachment-large size-large wp-image-135\" alt=\"\" srcset=\"https:\/\/app.diyhomebox.com\/wp-content\/uploads\/2025\/04\/2.jpg 700w, https:\/\/app.diyhomebox.com\/wp-content\/uploads\/2025\/04\/2-300x300.jpg 300w, https:\/\/app.diyhomebox.com\/wp-content\/uploads\/2025\/04\/2-150x150.jpg 150w\" sizes=\"(max-width: 700px) 100vw, 700px\" \/>\t\t\t\t\t\t\t\t\t\t\t\t\t\t\t<\/div>\n\t\t\t\t<\/div>\n\t\t\t\t\t<\/div>\n\t\t\t\t<\/div>\n\t\t<div class=\"elementor-element elementor-element-e142aa2 e-flex e-con-boxed e-con e-parent\" data-id=\"e142aa2\" data-element_type=\"container\">\n\t\t\t\t\t<div class=\"e-con-inner\">\n\t\t\t\t<div class=\"elementor-element elementor-element-2ea0c94 elementor-widget elementor-widget-text-editor\" data-id=\"2ea0c94\" data-element_type=\"widget\" data-widget_type=\"text-editor.default\">\n\t\t\t\t<div class=\"elementor-widget-container\">\n\t\t\t\t\t\t\t\t\t<h6 data-start=\"240\" data-end=\"293\"><strong data-start=\"247\" data-end=\"293\">Monta\u017c gniazdka \u2013 instrukcja krok po kroku<\/strong><\/h6><ol data-start=\"295\" data-end=\"617\"><li class=\"\" data-start=\"295\" data-end=\"331\"><p class=\"\" data-start=\"298\" data-end=\"331\"><strong data-start=\"298\" data-end=\"317\">Czas wykonania:<\/strong> 10\u201315 minut<\/p><\/li><li class=\"\" data-start=\"332\" data-end=\"365\"><p class=\"\" data-start=\"335\" data-end=\"365\"><strong data-start=\"335\" data-end=\"356\">Poziom trudno\u015bci:<\/strong> \u015aredni<\/p><\/li><li class=\"\" data-start=\"366\" data-end=\"486\"><p class=\"\" data-start=\"369\" data-end=\"393\"><strong data-start=\"369\" data-end=\"393\">Potrzebne narz\u0119dzia:<\/strong><\/p><ul data-start=\"397\" data-end=\"486\"><li class=\"\" data-start=\"397\" data-end=\"426\"><p class=\"\" data-start=\"399\" data-end=\"426\">Wkr\u0119tak p\u0142aski i krzy\u017cakowy<\/p><\/li><li class=\"\" data-start=\"430\" data-end=\"448\"><p class=\"\" data-start=\"432\" data-end=\"448\">Pr\u00f3bnik napi\u0119cia<\/p><\/li><li class=\"\" data-start=\"452\" data-end=\"464\"><p class=\"\" data-start=\"454\" data-end=\"464\">Kombinerki<\/p><\/li><li class=\"\" data-start=\"468\" data-end=\"486\"><p class=\"\" data-start=\"470\" data-end=\"486\">Ta\u015bma izolacyjna<\/p><\/li><\/ul><\/li><li class=\"\" data-start=\"488\" data-end=\"617\"><p class=\"\" data-start=\"491\" data-end=\"505\"><strong data-start=\"491\" data-end=\"505\">Materia\u0142y:<\/strong><\/p><ul data-start=\"509\" data-end=\"617\"><li class=\"\" data-start=\"509\" data-end=\"530\"><p class=\"\" data-start=\"511\" data-end=\"530\">Gniazdko podtynkowe<\/p><\/li><li class=\"\" data-start=\"534\" data-end=\"541\"><p class=\"\" data-start=\"536\" data-end=\"541\">Ramka<\/p><\/li><\/ul><\/li><\/ol>\t\t\t\t\t\t\t\t<\/div>\n\t\t\t\t<\/div>\n\t\t\t\t\t<\/div>\n\t\t\t\t<\/div>\n\t\t<div class=\"elementor-element elementor-element-d04740e e-flex e-con-boxed e-con e-parent\" data-id=\"d04740e\" data-element_type=\"container\">\n\t\t\t\t\t<div class=\"e-con-inner\">\n\t\t\t\t<div class=\"elementor-element elementor-element-b2497e3 elementor-widget-divider--view-line elementor-widget elementor-widget-divider\" data-id=\"b2497e3\" data-element_type=\"widget\" data-widget_type=\"divider.default\">\n\t\t\t\t<div class=\"elementor-widget-container\">\n\t\t\t\t\t\t\t<div class=\"elementor-divider\">\n\t\t\t<span class=\"elementor-divider-separator\">\n\t\t\t\t\t\t<\/span>\n\t\t<\/div>\n\t\t\t\t\t\t<\/div>\n\t\t\t\t<\/div>\n\t\t\t\t\t<\/div>\n\t\t\t\t<\/div>\n\t\t<div class=\"elementor-element elementor-element-c3650c6 e-flex e-con-boxed e-con e-parent\" data-id=\"c3650c6\" data-element_type=\"container\">\n\t\t\t\t\t<div class=\"e-con-inner\">\n\t\t\t\t<div class=\"elementor-element elementor-element-0add14d elementor-widget elementor-widget-heading\" data-id=\"0add14d\" data-element_type=\"widget\" data-widget_type=\"heading.default\">\n\t\t\t\t<div class=\"elementor-widget-container\">\n\t\t\t\t\t<h2 class=\"elementor-heading-title elementor-size-default\">Instrukcja: <\/h2>\t\t\t\t<\/div>\n\t\t\t\t<\/div>\n\t\t\t\t\t<\/div>\n\t\t\t\t<\/div>\n\t\t<div class=\"elementor-element elementor-element-ac640ae e-flex e-con-boxed e-con e-parent\" data-id=\"ac640ae\" data-element_type=\"container\">\n\t\t\t\t\t<div class=\"e-con-inner\">\n\t\t\t\t<div class=\"elementor-element elementor-element-c2e223f elementor-widget elementor-widget-text-editor\" data-id=\"c2e223f\" data-element_type=\"widget\" data-widget_type=\"text-editor.default\">\n\t\t\t\t<div class=\"elementor-widget-container\">\n\t\t\t\t\t\t\t\t\t<p><strong data-start=\"682\" data-end=\"705\">Krok 1: Wy\u0142\u0105cz pr\u0105d<\/strong><br data-start=\"705\" data-end=\"708\" \/>Od\u0142\u0105cz obw\u00f3d w skrzynce bezpiecznikowej. Sprawd\u017a pr\u00f3bnikiem, czy nie ma napi\u0119cia.<\/p>\t\t\t\t\t\t\t\t<\/div>\n\t\t\t\t<\/div>\n\t\t\t\t\t<\/div>\n\t\t\t\t<\/div>\n\t\t<div class=\"elementor-element elementor-element-a7d65b4 e-flex e-con-boxed e-con e-parent\" data-id=\"a7d65b4\" data-element_type=\"container\">\n\t\t\t\t\t<div class=\"e-con-inner\">\n\t\t\t\t<div class=\"elementor-element elementor-element-042408f elementor-widget elementor-widget-text-editor\" data-id=\"042408f\" data-element_type=\"widget\" data-widget_type=\"text-editor.default\">\n\t\t\t\t<div class=\"elementor-widget-container\">\n\t\t\t\t\t\t\t\t\t<p><strong data-start=\"794\" data-end=\"824\">Krok 2: Przygotuj przewody<\/strong><br data-start=\"824\" data-end=\"827\" \/>Zdejmij izolacj\u0119 z ko\u0144c\u00f3wek przewod\u00f3w \u2013 oko\u0142o 1\u20131,5 cm.<\/p>\t\t\t\t\t\t\t\t<\/div>\n\t\t\t\t<\/div>\n\t\t\t\t\t<\/div>\n\t\t\t\t<\/div>\n\t\t<div class=\"elementor-element elementor-element-eb24017 e-flex e-con-boxed e-con e-parent\" data-id=\"eb24017\" data-element_type=\"container\">\n\t\t\t\t\t<div class=\"e-con-inner\">\n\t\t\t\t<div class=\"elementor-element elementor-element-4c5d782 elementor-widget elementor-widget-text-editor\" data-id=\"4c5d782\" data-element_type=\"widget\" data-widget_type=\"text-editor.default\">\n\t\t\t\t<div class=\"elementor-widget-container\">\n\t\t\t\t\t\t\t\t\t<p><strong data-start=\"887\" data-end=\"927\">Krok 3: Pod\u0142\u0105cz przewody do gniazdka<\/strong><br data-start=\"927\" data-end=\"930\" \/>&#8211; Faza (br\u0105zowy lub czarny) \u2013 po prawej<br data-start=\"970\" data-end=\"973\" \/>&#8211; N \u2013 neutralny (niebieski) \u2013 po lewej<br data-start=\"1012\" data-end=\"1015\" \/>&#8211; PE (\u017c\u00f3\u0142to-zielony) \u2013 \u015brodek do uziemienia<\/p>\t\t\t\t\t\t\t\t<\/div>\n\t\t\t\t<\/div>\n\t\t\t\t\t<\/div>\n\t\t\t\t<\/div>\n\t\t<div class=\"elementor-element elementor-element-0d6373f e-flex e-con-boxed e-con e-parent\" data-id=\"0d6373f\" data-element_type=\"container\">\n\t\t\t\t\t<div class=\"e-con-inner\">\n\t\t\t\t<div class=\"elementor-element elementor-element-a21e5d5 elementor-widget elementor-widget-text-editor\" data-id=\"a21e5d5\" data-element_type=\"widget\" data-widget_type=\"text-editor.default\">\n\t\t\t\t<div class=\"elementor-widget-container\">\n\t\t\t\t\t\t\t\t\t<p><strong data-start=\"1061\" data-end=\"1107\">Krok 4: W\u0142\u00f3\u017c gniazdko do puszki i przykr\u0119\u0107<\/strong><br data-start=\"1107\" data-end=\"1110\" \/>Upewnij si\u0119, \u017ce siedzi r\u00f3wno i stabilnie.<\/p>\t\t\t\t\t\t\t\t<\/div>\n\t\t\t\t<\/div>\n\t\t\t\t\t<\/div>\n\t\t\t\t<\/div>\n\t\t<div class=\"elementor-element elementor-element-41f3d96 e-flex e-con-boxed e-con e-parent\" data-id=\"41f3d96\" data-element_type=\"container\">\n\t\t\t\t\t<div class=\"e-con-inner\">\n\t\t\t\t<div class=\"elementor-element elementor-element-5d3d8f0 elementor-widget elementor-widget-text-editor\" data-id=\"5d3d8f0\" data-element_type=\"widget\" data-widget_type=\"text-editor.default\">\n\t\t\t\t<div class=\"elementor-widget-container\">\n\t\t\t\t\t\t\t\t\t<p><strong data-start=\"1156\" data-end=\"1192\">Krok 5: Za\u0142\u00f3\u017c ramk\u0119 i w\u0142\u0105cz pr\u0105d<\/strong><br data-start=\"1192\" data-end=\"1195\" \/>\u00a0Gotowe. Przetestuj dzia\u0142anie gniazdka.<\/p>\t\t\t\t\t\t\t\t<\/div>\n\t\t\t\t<\/div>\n\t\t\t\t\t<\/div>\n\t\t\t\t<\/div>\n\t\t<div class=\"elementor-element elementor-element-9effba1 e-flex e-con-boxed e-con e-parent\" data-id=\"9effba1\" data-element_type=\"container\">\n\t\t\t\t\t<div class=\"e-con-inner\">\n\t\t\t\t<div class=\"elementor-element elementor-element-0787945 elementor-widget-divider--view-line_icon elementor-view-default elementor-widget-divider--element-align-center elementor-widget elementor-widget-divider\" data-id=\"0787945\" data-element_type=\"widget\" data-widget_type=\"divider.default\">\n\t\t\t\t<div class=\"elementor-widget-container\">\n\t\t\t\t\t\t\t<div class=\"elementor-divider\">\n\t\t\t<span class=\"elementor-divider-separator\">\n\t\t\t\t\t\t\t<div class=\"elementor-icon elementor-divider__element\">\n\t\t\t\t\t<svg aria-hidden=\"true\" class=\"e-font-icon-svg e-fab-youtube\" viewBox=\"0 0 576 512\" xmlns=\"http:\/\/www.w3.org\/2000\/svg\"><path d=\"M549.655 124.083c-6.281-23.65-24.787-42.276-48.284-48.597C458.781 64 288 64 288 64S117.22 64 74.629 75.486c-23.497 6.322-42.003 24.947-48.284 48.597-11.412 42.867-11.412 132.305-11.412 132.305s0 89.438 11.412 132.305c6.281 23.65 24.787 41.5 48.284 47.821C117.22 448 288 448 288 448s170.78 0 213.371-11.486c23.497-6.321 42.003-24.171 48.284-47.821 11.412-42.867 11.412-132.305 11.412-132.305s0-89.438-11.412-132.305zm-317.51 213.508V175.185l142.739 81.205-142.739 81.201z\"><\/path><\/svg><\/div>\n\t\t\t\t\t\t<\/span>\n\t\t<\/div>\n\t\t\t\t\t\t<\/div>\n\t\t\t\t<\/div>\n\t\t\t\t\t<\/div>\n\t\t\t\t<\/div>\n\t\t<div class=\"elementor-element elementor-element-2749096 e-flex e-con-boxed e-con e-parent\" data-id=\"2749096\" data-element_type=\"container\">\n\t\t\t\t\t<div class=\"e-con-inner\">\n\t\t\t\t<div class=\"elementor-element elementor-element-5bfe7a8 elementor-widget elementor-widget-text-editor\" data-id=\"5bfe7a8\" data-element_type=\"widget\" data-widget_type=\"text-editor.default\">\n\t\t\t\t<div class=\"elementor-widget-container\">\n\t\t\t\t\t\t\t\t\t<p>Foto relacja poni\u017cej :\u00a0<\/p>\t\t\t\t\t\t\t\t<\/div>\n\t\t\t\t<\/div>\n\t\t\t\t\t<\/div>\n\t\t\t\t<\/div>\n\t\t<div class=\"elementor-element elementor-element-78127fb e-flex e-con-boxed e-con e-parent\" data-id=\"78127fb\" data-element_type=\"container\">\n\t\t\t\t\t<div class=\"e-con-inner\">\n\t\t\t\t<div class=\"elementor-element elementor-element-493ea8d elementor-arrows-position-inside elementor-pagination-position-outside elementor-widget elementor-widget-image-carousel\" data-id=\"493ea8d\" data-element_type=\"widget\" data-settings=\"{&quot;navigation&quot;:&quot;both&quot;,&quot;autoplay&quot;:&quot;yes&quot;,&quot;pause_on_hover&quot;:&quot;yes&quot;,&quot;pause_on_interaction&quot;:&quot;yes&quot;,&quot;autoplay_speed&quot;:5000,&quot;infinite&quot;:&quot;yes&quot;,&quot;speed&quot;:500}\" data-widget_type=\"image-carousel.default\">\n\t\t\t\t<div class=\"elementor-widget-container\">\n\t\t\t\t\t\t\t<div class=\"elementor-image-carousel-wrapper swiper\" role=\"region\" aria-roledescription=\"carousel\" aria-label=\"Karuzela obrazk\u00f3w\" dir=\"ltr\">\n\t\t\t<div class=\"elementor-image-carousel swiper-wrapper\" aria-live=\"off\">\n\t\t\t\t\t\t\t\t<div class=\"swiper-slide\" role=\"group\" aria-roledescription=\"slide\" aria-label=\"1 z 4\"><figure class=\"swiper-slide-inner\"><img decoding=\"async\" class=\"swiper-slide-image\" src=\"https:\/\/app.diyhomebox.com\/wp-content\/uploads\/2025\/04\/gniazdo-1-kabel-1.jpg\" alt=\"gniazdo 1 kabel\" \/><\/figure><\/div><div class=\"swiper-slide\" role=\"group\" aria-roledescription=\"slide\" aria-label=\"2 z 4\"><figure class=\"swiper-slide-inner\"><img decoding=\"async\" class=\"swiper-slide-image\" src=\"https:\/\/app.diyhomebox.com\/wp-content\/uploads\/2025\/04\/gniazdo-jeden-kabel-2-1.jpg\" alt=\"gniazdo jeden kabel 2\" \/><\/figure><\/div><div class=\"swiper-slide\" role=\"group\" aria-roledescription=\"slide\" aria-label=\"3 z 4\"><figure class=\"swiper-slide-inner\"><img decoding=\"async\" class=\"swiper-slide-image\" src=\"https:\/\/app.diyhomebox.com\/wp-content\/uploads\/2025\/04\/gniazdo-jeden-kabel-3-1.jpg\" alt=\"gniazdo jeden kabel 3\" \/><\/figure><\/div><div class=\"swiper-slide\" role=\"group\" aria-roledescription=\"slide\" aria-label=\"4 z 4\"><figure class=\"swiper-slide-inner\"><img decoding=\"async\" class=\"swiper-slide-image\" src=\"https:\/\/app.diyhomebox.com\/wp-content\/uploads\/2025\/04\/gniazdo-jeden-kabel-4-1.jpg\" alt=\"gniazdo jeden kabel 4\" \/><\/figure><\/div>\t\t\t<\/div>\n\t\t\t\t\t\t\t\t\t\t\t\t<div class=\"elementor-swiper-button elementor-swiper-button-prev\" role=\"button\" tabindex=\"0\">\n\t\t\t\t\t\t<svg aria-hidden=\"true\" class=\"e-font-icon-svg e-eicon-chevron-left\" viewBox=\"0 0 1000 1000\" xmlns=\"http:\/\/www.w3.org\/2000\/svg\"><path d=\"M646 125C629 125 613 133 604 142L308 442C296 454 292 471 292 487 292 504 296 521 308 533L604 854C617 867 629 875 646 875 663 875 679 871 692 858 704 846 713 829 713 812 713 796 708 779 692 767L438 487 692 225C700 217 708 204 708 187 708 171 704 154 692 142 675 129 663 125 646 125Z\"><\/path><\/svg>\t\t\t\t\t<\/div>\n\t\t\t\t\t<div class=\"elementor-swiper-button elementor-swiper-button-next\" role=\"button\" tabindex=\"0\">\n\t\t\t\t\t\t<svg aria-hidden=\"true\" class=\"e-font-icon-svg e-eicon-chevron-right\" viewBox=\"0 0 1000 1000\" xmlns=\"http:\/\/www.w3.org\/2000\/svg\"><path d=\"M696 533C708 521 713 504 713 487 713 471 708 454 696 446L400 146C388 133 375 125 354 125 338 125 325 129 313 142 300 154 292 171 292 187 292 204 296 221 308 233L563 492 304 771C292 783 288 800 288 817 288 833 296 850 308 863 321 871 338 875 354 875 371 875 388 867 400 854L696 533Z\"><\/path><\/svg>\t\t\t\t\t<\/div>\n\t\t\t\t\n\t\t\t\t\t\t\t\t\t<div class=\"swiper-pagination\"><\/div>\n\t\t\t\t\t\t\t\t\t<\/div>\n\t\t\t\t\t\t<\/div>\n\t\t\t\t<\/div>\n\t\t\t\t\t<\/div>\n\t\t\t\t<\/div>\n\t\t<div class=\"elementor-element elementor-element-80fb20b e-flex e-con-boxed e-con e-parent\" data-id=\"80fb20b\" data-element_type=\"container\">\n\t\t\t\t\t<div class=\"e-con-inner\">\n\t\t\t\t<div class=\"elementor-element elementor-element-ec9e322 elementor-widget elementor-widget-text-editor\" data-id=\"ec9e322\" data-element_type=\"widget\" data-widget_type=\"text-editor.default\">\n\t\t\t\t<div class=\"elementor-widget-container\">\n\t\t\t\t\t\t\t\t\t<p>Linko do wideofilmu poni\u017cej:\u00a0<\/p>\t\t\t\t\t\t\t\t<\/div>\n\t\t\t\t<\/div>\n\t\t\t\t\t<\/div>\n\t\t\t\t<\/div>\n\t\t<div class=\"elementor-element elementor-element-0d80afa e-flex e-con-boxed e-con e-parent\" data-id=\"0d80afa\" data-element_type=\"container\">\n\t\t\t\t\t<div class=\"e-con-inner\">\n\t\t\t\t<div class=\"elementor-element elementor-element-2b9e11b elementor-widget elementor-widget-video\" data-id=\"2b9e11b\" data-element_type=\"widget\" data-settings=\"{&quot;youtube_url&quot;:&quot;https:\\\/\\\/www.youtube.com\\\/watch?v=XHOmBV4js_E&quot;,&quot;video_type&quot;:&quot;youtube&quot;,&quot;controls&quot;:&quot;yes&quot;}\" data-widget_type=\"video.default\">\n\t\t\t\t<div class=\"elementor-widget-container\">\n\t\t\t\t\t\t\t<div class=\"elementor-wrapper elementor-open-inline\">\n\t\t\t<div class=\"elementor-video\"><\/div>\t\t<\/div>\n\t\t\t\t\t\t<\/div>\n\t\t\t\t<\/div>\n\t\t\t\t\t<\/div>\n\t\t\t\t<\/div>\n\t\t<div class=\"elementor-element elementor-element-7952e44 e-flex e-con-boxed e-con e-parent\" data-id=\"7952e44\" data-element_type=\"container\">\n\t\t\t\t\t<div class=\"e-con-inner\">\n\t\t\t\t<div class=\"elementor-element elementor-element-b90e2e7 elementor-widget elementor-widget-image\" data-id=\"b90e2e7\" data-element_type=\"widget\" data-widget_type=\"image.default\">\n\t\t\t\t<div class=\"elementor-widget-container\">\n\t\t\t\t\t\t\t\t\t\t\t\t\t\t\t\t<a href=\"https:\/\/diyhomebox.com\">\n\t\t\t\t\t\t\t<img decoding=\"async\" width=\"700\" height=\"700\" src=\"https:\/\/app.diyhomebox.com\/wp-content\/uploads\/2025\/04\/zestaw-do-montazu-gniazdka-.jpg\" class=\"attachment-large size-large wp-image-142\" alt=\"\" srcset=\"https:\/\/app.diyhomebox.com\/wp-content\/uploads\/2025\/04\/zestaw-do-montazu-gniazdka-.jpg 700w, https:\/\/app.diyhomebox.com\/wp-content\/uploads\/2025\/04\/zestaw-do-montazu-gniazdka--300x300.jpg 300w, https:\/\/app.diyhomebox.com\/wp-content\/uploads\/2025\/04\/zestaw-do-montazu-gniazdka--150x150.jpg 150w\" sizes=\"(max-width: 700px) 100vw, 700px\" \/>\t\t\t\t\t\t\t\t<\/a>\n\t\t\t\t\t\t\t\t\t\t\t\t\t\t\t<\/div>\n\t\t\t\t<\/div>\n\t\t\t\t\t<\/div>\n\t\t\t\t<\/div>\n\t\t<div class=\"elementor-element elementor-element-f70a48f dolna-nawigacja e-flex e-con-boxed e-con e-parent\" data-id=\"f70a48f\" data-element_type=\"container\" data-settings=\"{&quot;background_background&quot;:&quot;gradient&quot;}\">\n\t\t\t\t\t<div class=\"e-con-inner\">\n\t\t\t\t<div class=\"elementor-element elementor-element-392dd22 ikona-nav elementor-view-default elementor-widget elementor-widget-icon\" data-id=\"392dd22\" data-element_type=\"widget\" data-widget_type=\"icon.default\">\n\t\t\t\t<div class=\"elementor-widget-container\">\n\t\t\t\t\t\t\t<div class=\"elementor-icon-wrapper\">\n\t\t\t<a class=\"elementor-icon\" href=\"https:\/\/app.diyhomebox.com\">\n\t\t\t<svg aria-hidden=\"true\" class=\"e-font-icon-svg e-fas-house-user\" viewBox=\"0 0 576 512\" xmlns=\"http:\/\/www.w3.org\/2000\/svg\"><path d=\"M570.69,236.27,512,184.44V48a16,16,0,0,0-16-16H432a16,16,0,0,0-16,16V99.67L314.78,10.3C308.5,4.61,296.53,0,288,0s-20.46,4.61-26.74,10.3l-256,226A18.27,18.27,0,0,0,0,248.2a18.64,18.64,0,0,0,4.09,10.71L25.5,282.7a21.14,21.14,0,0,0,12,5.3,21.67,21.67,0,0,0,10.69-4.11l15.9-14V480a32,32,0,0,0,32,32H480a32,32,0,0,0,32-32V269.88l15.91,14A21.94,21.94,0,0,0,538.63,288a20.89,20.89,0,0,0,11.87-5.31l21.41-23.81A21.64,21.64,0,0,0,576,248.19,21,21,0,0,0,570.69,236.27ZM288,176a64,64,0,1,1-64,64A64,64,0,0,1,288,176ZM400,448H176a16,16,0,0,1-16-16,96,96,0,0,1,96-96h64a96,96,0,0,1,96,96A16,16,0,0,1,400,448Z\"><\/path><\/svg>\t\t\t<\/a>\n\t\t<\/div>\n\t\t\t\t\t\t<\/div>\n\t\t\t\t<\/div>\n\t\t\t\t<div class=\"elementor-element elementor-element-bc0fd52 ikona-nav elementor-view-default elementor-widget elementor-widget-icon\" data-id=\"bc0fd52\" data-element_type=\"widget\" data-widget_type=\"icon.default\">\n\t\t\t\t<div class=\"elementor-widget-container\">\n\t\t\t\t\t\t\t<div class=\"elementor-icon-wrapper\">\n\t\t\t<div class=\"elementor-icon\">\n\t\t\t<svg aria-hidden=\"true\" class=\"e-font-icon-svg e-fab-sistrix\" viewBox=\"0 0 448 512\" xmlns=\"http:\/\/www.w3.org\/2000\/svg\"><path d=\"M448 449L301.2 300.2c20-27.9 31.9-62.2 31.9-99.2 0-93.1-74.7-168.9-166.5-168.9C74.7 32 0 107.8 0 200.9s74.7 168.9 166.5 168.9c39.8 0 76.3-14.2 105-37.9l146 148.1 30.5-31zM166.5 330.8c-70.6 0-128.1-58.3-128.1-129.9S95.9 71 166.5 71s128.1 58.3 128.1 129.9-57.4 129.9-128.1 129.9z\"><\/path><\/svg>\t\t\t<\/div>\n\t\t<\/div>\n\t\t\t\t\t\t<\/div>\n\t\t\t\t<\/div>\n\t\t\t\t<div class=\"elementor-element elementor-element-7ed5b91 ikona-nav elementor-view-default elementor-widget elementor-widget-icon\" data-id=\"7ed5b91\" data-element_type=\"widget\" data-widget_type=\"icon.default\">\n\t\t\t\t<div class=\"elementor-widget-container\">\n\t\t\t\t\t\t\t<div class=\"elementor-icon-wrapper\">\n\t\t\t<div class=\"elementor-icon\">\n\t\t\t<svg aria-hidden=\"true\" class=\"e-font-icon-svg e-fas-star\" viewBox=\"0 0 576 512\" xmlns=\"http:\/\/www.w3.org\/2000\/svg\"><path d=\"M259.3 17.8L194 150.2 47.9 171.5c-26.2 3.8-36.7 36.1-17.7 54.6l105.7 103-25 145.5c-4.5 26.3 23.2 46 46.4 33.7L288 439.6l130.7 68.7c23.2 12.2 50.9-7.4 46.4-33.7l-25-145.5 105.7-103c19-18.5 8.5-50.8-17.7-54.6L382 150.2 316.7 17.8c-11.7-23.6-45.6-23.9-57.4 0z\"><\/path><\/svg>\t\t\t<\/div>\n\t\t<\/div>\n\t\t\t\t\t\t<\/div>\n\t\t\t\t<\/div>\n\t\t\t\t\t<\/div>\n\t\t\t\t<\/div>\n\t\t\t\t<\/div>\n\t\t","protected":false},"excerpt":{"rendered":"<p>Monta\u017c gniazdka pr\u0105dowego jeden przew\u00f3d: Monta\u017c gniazdka \u2013 instrukcja krok po kroku Czas wykonania: 10\u201315 minut Poziom trudno\u015bci: \u015aredni Potrzebne narz\u0119dzia: Wkr\u0119tak p\u0142aski i krzy\u017cakowy Pr\u00f3bnik napi\u0119cia Kombinerki Ta\u015bma izolacyjna Materia\u0142y: Gniazdko podtynkowe Ramka Instrukcja: Krok 1: Wy\u0142\u0105cz pr\u0105dOd\u0142\u0105cz obw\u00f3d w skrzynce bezpiecznikowej. Sprawd\u017a pr\u00f3bnikiem, czy nie ma napi\u0119cia. Krok 2: Przygotuj przewodyZdejmij izolacj\u0119 z [&hellip;]<\/p>\n","protected":false},"author":1,"featured_media":0,"parent":0,"menu_order":0,"comment_status":"closed","ping_status":"closed","template":"elementor_canvas","meta":{"footnotes":""},"class_list":["post-123","page","type-page","status-publish","hentry"],"_links":{"self":[{"href":"https:\/\/app.diyhomebox.com\/index.php?rest_route=\/wp\/v2\/pages\/123","targetHints":{"allow":["GET"]}}],"collection":[{"href":"https:\/\/app.diyhomebox.com\/index.php?rest_route=\/wp\/v2\/pages"}],"about":[{"href":"https:\/\/app.diyhomebox.com\/index.php?rest_route=\/wp\/v2\/types\/page"}],"author":[{"embeddable":true,"href":"https:\/\/app.diyhomebox.com\/index.php?rest_route=\/wp\/v2\/users\/1"}],"replies":[{"embeddable":true,"href":"https:\/\/app.diyhomebox.com\/index.php?rest_route=%2Fwp%2Fv2%2Fcomments&post=123"}],"version-history":[{"count":32,"href":"https:\/\/app.diyhomebox.com\/index.php?rest_route=\/wp\/v2\/pages\/123\/revisions"}],"predecessor-version":[{"id":288,"href":"https:\/\/app.diyhomebox.com\/index.php?rest_route=\/wp\/v2\/pages\/123\/revisions\/288"}],"wp:attachment":[{"href":"https:\/\/app.diyhomebox.com\/index.php?rest_route=%2Fwp%2Fv2%2Fmedia&parent=123"}],"curies":[{"name":"wp","href":"https:\/\/api.w.org\/{rel}","templated":true}]}}